{"id":1926,"date":"2023-06-21T21:49:24","date_gmt":"2023-06-21T20:49:24","guid":{"rendered":"https:\/\/imcada.com\/?page_id=192"},"modified":"2023-07-19T11:35:43","modified_gmt":"2023-07-19T11:35:43","slug":"french-language-ability-conversions-to-nclc","status":"publish","type":"page","link":"https:\/\/imcada.com\/staging\/language-ability-tests\/french-language-ability-conversions-to-nclc\/","title":{"rendered":"French Language Ability Conversions to NCLC"},"content":{"rendered":"\n<p>TEF score to NCLC level<\/p>\n\n\n\n<figure class=\"wp-block-table\"><table><tbody><tr><td>Listening<\/td><td>Reading<\/td><td>Writing<\/td><td>Speaking<\/td><td>NCLC Level<\/td><\/tr><tr><td>145-180<\/td><td>121-150<\/td><td>181-225<\/td><td>181-225<\/td><td>4<\/td><\/tr><tr><td>181-216<\/td><td>151-180<\/td><td>226-270<\/td><td>226-270<\/td><td>5<\/td><\/tr><tr><td>217-248<\/td><td>181-206<\/td><td>271-309<\/td><td>271-309<\/td><td>6<\/td><\/tr><tr><td>249-279<\/td><td>207-232<\/td><td>310-348<\/td><td>310-348<\/td><td>7<\/td><\/tr><tr><td>280-297<\/td><td>233-247<\/td><td>349-370<\/td><td>349-370<\/td><td>8<\/td><\/tr><tr><td>298-315<\/td><td>248-262<\/td><td>371-392<\/td><td>371-392<\/td><td>9<\/td><\/tr><tr><td>316-360<\/td><td>263-300<\/td><td>393-450<\/td><td>393-450<\/td><td>10<\/td><\/tr><\/tbody><\/table><\/figure>\n\n\n\n<h2 class=\"wp-block-heading\">TEF<\/h2>\n\n\n\n<p>The Test d&#8217;Evaluation de Fran\u00e7ais (TEF) is a <a href=\"https:\/\/imcada.com\/staging\/language-ability-tests\/\" data-type=\"URL\" data-id=\"https:\/\/imcada.com\/staging\/language-ability-tests\/\">test of fluency<\/a> in French for non-native speakers. It&#8217;s administered by the Paris Chamber of Commerce (Chambre de Commerce et d&#8217;Industrie de Paris, CCIP). It&#8217;s recognized by the French Ministry of Education and is often used for the purposes of economic immigration, particularly for those immigrating to French-speaking areas like Quebec, or for the Federal Skilled Worker Program in Canada.<\/p>\n\n\n\n<p>The TEF consists of five modules: reading (compr\u00e9hension \u00e9crite), listening (compr\u00e9hension orale), writing (expression \u00e9crite), speaking (expression orale), and vocabulary and structure (lexique et structure). Note that for immigration to Canada purposes only first 4 modules are required and last one, vocabulary and structure is not required. <\/p>\n\n\n\n<ol class=\"wp-block-list\">\n<li><strong>Compr\u00e9hension \u00e9crite (Reading)<\/strong>: This module assesses the candidate&#8217;s ability to understand written French through the use of multiple-choice questions. It lasts 60 minutes and includes 50 questions. The maximum score is 300.<\/li>\n\n\n\n<li><strong>Compr\u00e9hension orale (Listening)<\/strong>: This module assesses the candidate&#8217;s ability to understand spoken French through the use of multiple-choice questions based on recorded materials. It lasts 40 minutes and includes 60 questions. The maximum score is 360.<\/li>\n\n\n\n<li><strong>Expression \u00e9crite (Writing)<\/strong>: This module assesses the candidate&#8217;s ability to express themselves in written French. It lasts 60 minutes and includes 2 sections. The maximum score is 450.<\/li>\n\n\n\n<li><strong>Expression orale (Speaking)<\/strong>: This module assesses the candidate&#8217;s ability to express themselves in spoken French. It lasts 35 minutes and includes 2 sections. The maximum score is 450.<\/li>\n<\/ol>\n\n\n\n<p>The total duration of the test is approximately 3 hours 15 minutes, excluding breaks.<\/p>\n\n\n\n<p>The results of the TEF are usually available within 4 weeks of the test date. Each module is scored separately, and the scores are combined to provide an overall assessment of the candidate&#8217;s French language proficiency. The scores are valid for two years.<\/p>\n\n\n\n<p>Please note that the specific score requirements may vary depending on the immigration program or educational institution to which you are applying. It&#8217;s recommended to check with the specific program or institution for their requirements.<\/p>\n","protected":false},"excerpt":{"rendered":"<p>TEF score to NCLC level Listening Reading Writing Speaking NCLC Level 145-180 121-150 181-225 181-225 4 181-216 151-180 226-270 226-270 5 217-248 181-206 271-309 271-309 6 249-279 207-232 310-348 310-348 7 280-297 233-247 349-370 349-370 8 298-315 248-262 371-392 371-392 9 316-360 263-300 393-450 393-450 10 TEF The Test d&#8217;Evaluation de Fran\u00e7ais (TEF) is a test of fluency in French for non-native speakers. It&#8217;s administered by the Paris Chamber of Commerce (Chambre de Commerce et d&#8217;Industrie de Paris, CCIP). It&#8217;s recognized by the French Ministry of Education and is often used for the purposes of economic immigration, particularly for those immigrating to French-speaking areas like Quebec, or for the Federal Skilled Worker Program in Canada. The TEF consists of five modules: reading (compr\u00e9hension \u00e9crite), listening (compr\u00e9hension orale), writing (expression \u00e9crite), speaking (expression orale), and vocabulary and structure (lexique et structure). Note that for immigration to Canada purposes only first 4 modules are required and last one, vocabulary and structure is not required. The total duration of the test is approximately 3 hours 15 minutes, excluding breaks. The results of the TEF are usually available within 4 weeks of the test date. Each module is scored separately, and the scores are combined to provide an overall assessment of the candidate&#8217;s French language proficiency. The scores are valid for two years. Please note that the specific score requirements may vary depending on the immigration program or educational institution to which you are applying. It&#8217;s recommended to check with the specific program or institution for their requirements.<\/p>\n","protected":false},"author":1,"featured_media":0,"parent":1941,"menu_order":0,"comment_status":"closed","ping_status":"closed","template":"","meta":{"pmpro_default_level":"","footnotes":""},"class_list":["post-1926","page","type-page","status-publish","hentry","pmpro-has-access"],"_links":{"self":[{"href":"https:\/\/imcada.com\/staging\/wp-json\/wp\/v2\/pages\/1926","targetHints":{"allow":["GET"]}}],"collection":[{"href":"https:\/\/imcada.com\/staging\/wp-json\/wp\/v2\/pages"}],"about":[{"href":"https:\/\/imcada.com\/staging\/wp-json\/wp\/v2\/types\/page"}],"author":[{"embeddable":true,"href":"https:\/\/imcada.com\/staging\/wp-json\/wp\/v2\/users\/1"}],"replies":[{"embeddable":true,"href":"https:\/\/imcada.com\/staging\/wp-json\/wp\/v2\/comments?post=1926"}],"version-history":[{"count":1,"href":"https:\/\/imcada.com\/staging\/wp-json\/wp\/v2\/pages\/1926\/revisions"}],"predecessor-version":[{"id":2149,"href":"https:\/\/imcada.com\/staging\/wp-json\/wp\/v2\/pages\/1926\/revisions\/2149"}],"up":[{"embeddable":true,"href":"https:\/\/imcada.com\/staging\/wp-json\/wp\/v2\/pages\/1941"}],"wp:attachment":[{"href":"https:\/\/imcada.com\/staging\/wp-json\/wp\/v2\/media?parent=1926"}],"curies":[{"name":"wp","href":"https:\/\/api.w.org\/{rel}","templated":true}]}}